{"id":122,"date":"2016-01-01T13:03:56","date_gmt":"2016-01-01T13:03:56","guid":{"rendered":"https:\/\/www.alpsresearch.eu\/wordpress\/?page_id=122"},"modified":"2026-01-02T16:21:26","modified_gmt":"2026-01-02T16:21:26","slug":"referenzen","status":"publish","type":"page","link":"https:\/\/www.alpsresearch.eu\/?page_id=122","title":{"rendered":"Referenzen (Archiv)"},"content":{"rendered":"<p>Aus der Vielzahl an Projekten des Institutes haben wir f\u00fcr Sie eine Auswahl zu den aufgef\u00fchrten Themen zusammengestellt. Gerne stellen wir weitere Informationen auf Anfrage zur Verf\u00fcgung.<\/p>\n<p><img loading=\"lazy\" decoding=\"async\" class=\"alignnone size-full wp-image-319\" src=\"https:\/\/www.alpsresearch.eu\/wp-content\/uploads\/2016\/01\/ZugspitzeVonHinten.jpg\" alt=\"\" width=\"1280\" height=\"300\" srcset=\"https:\/\/www.alpsresearch.eu\/wp-content\/uploads\/2016\/01\/ZugspitzeVonHinten.jpg 1280w, https:\/\/www.alpsresearch.eu\/wp-content\/uploads\/2016\/01\/ZugspitzeVonHinten-300x70.jpg 300w, https:\/\/www.alpsresearch.eu\/wp-content\/uploads\/2016\/01\/ZugspitzeVonHinten-768x180.jpg 768w, https:\/\/www.alpsresearch.eu\/wp-content\/uploads\/2016\/01\/ZugspitzeVonHinten-1024x240.jpg 1024w, https:\/\/www.alpsresearch.eu\/wp-content\/uploads\/2016\/01\/ZugspitzeVonHinten-150x35.jpg 150w\" sizes=\"auto, (max-width: 1280px) 100vw, 1280px\" \/><\/p>\n","protected":false},"excerpt":{"rendered":"<p>Aus der Vielzahl an Projekten des Institutes haben wir f\u00fcr Sie eine Auswahl zu den aufgef\u00fchrten Themen zusammengestellt. Gerne stellen wir weitere Informationen auf Anfrage zur Verf\u00fcgung.<\/p>\n","protected":false},"author":2,"featured_media":0,"parent":0,"menu_order":0,"comment_status":"closed","ping_status":"closed","template":"","meta":{"footnotes":""},"class_list":["post-122","page","type-page","status-publish","hentry"],"_links":{"self":[{"href":"https:\/\/www.alpsresearch.eu\/index.php?rest_route=\/wp\/v2\/pages\/122","targetHints":{"allow":["GET"]}}],"collection":[{"href":"https:\/\/www.alpsresearch.eu\/index.php?rest_route=\/wp\/v2\/pages"}],"about":[{"href":"https:\/\/www.alpsresearch.eu\/index.php?rest_route=\/wp\/v2\/types\/page"}],"author":[{"embeddable":true,"href":"https:\/\/www.alpsresearch.eu\/index.php?rest_route=\/wp\/v2\/users\/2"}],"replies":[{"embeddable":true,"href":"https:\/\/www.alpsresearch.eu\/index.php?rest_route=%2Fwp%2Fv2%2Fcomments&post=122"}],"version-history":[{"count":2,"href":"https:\/\/www.alpsresearch.eu\/index.php?rest_route=\/wp\/v2\/pages\/122\/revisions"}],"predecessor-version":[{"id":570,"href":"https:\/\/www.alpsresearch.eu\/index.php?rest_route=\/wp\/v2\/pages\/122\/revisions\/570"}],"wp:attachment":[{"href":"https:\/\/www.alpsresearch.eu\/index.php?rest_route=%2Fwp%2Fv2%2Fmedia&parent=122"}],"curies":[{"name":"wp","href":"https:\/\/api.w.org\/{rel}","templated":true}]}}