{"id":21,"date":"2015-12-31T01:42:14","date_gmt":"2015-12-31T01:42:14","guid":{"rendered":"https:\/\/www.alpsresearch.eu\/wordpress\/?page_id=21"},"modified":"2017-04-10T19:29:55","modified_gmt":"2017-04-10T19:29:55","slug":"wir-uber-uns","status":"publish","type":"page","link":"https:\/\/www.alpsresearch.eu\/?page_id=21","title":{"rendered":"Unsere Themen"},"content":{"rendered":"<p>&nbsp;<\/p>\n<h1>Den Menschen in den Alpen verpflichtet<\/h1>\n<p>Seit \u00fcber 20 Jahren arbeiten wir erfolgreich f\u00fcr eine nachhaltige Entwicklung alpiner Regionen. Die Menschen standen dabei f\u00fcr uns stets im Mittelpunkt. Unser Institut liegt im Zentrum der bayerischen Alpen, jeder im AFI-\u200bTeam hat tagt\u00e4glich am alpinen Leben teil. Auch deshalb verstehen wir die Menschen im Alpenraum, sie wiederum vertrauen uns. Das motiviert enorm.<\/p>\n<p>&nbsp;<\/p>\n<p>Und noch etwas spornt uns an: die sch\u00f6ne und einzigartige Gebirgswelt. Das Wettersteingebirge mit der Zugspitze ebenso wie das Karwendel, die wir fast t\u00e4glich vor Augen haben. Wir sehen den Reichtum an Natur ebenso wie die Gefahren, die von ihr ausgehen. Dieser Anblick und das Vertrauen der Menschen hier motivieren uns alle, alpine Lebensqualit\u00e4t zu gestalten. Lassen Sie uns gemeinsam neue L\u00f6sungen im Alpenraum schaffen, vorhandene Potenziale einfach besser nutzen!<\/p>\n<p><img loading=\"lazy\" decoding=\"async\" class=\"alignnone size-full wp-image-371\" src=\"https:\/\/www.alpsresearch.eu\/wp-content\/uploads\/2015\/12\/Zugspitze_Eschenlohe.jpg\" alt=\"\" width=\"1280\" height=\"857\" srcset=\"https:\/\/www.alpsresearch.eu\/wp-content\/uploads\/2015\/12\/Zugspitze_Eschenlohe.jpg 1280w, https:\/\/www.alpsresearch.eu\/wp-content\/uploads\/2015\/12\/Zugspitze_Eschenlohe-300x201.jpg 300w, https:\/\/www.alpsresearch.eu\/wp-content\/uploads\/2015\/12\/Zugspitze_Eschenlohe-768x514.jpg 768w, https:\/\/www.alpsresearch.eu\/wp-content\/uploads\/2015\/12\/Zugspitze_Eschenlohe-1024x686.jpg 1024w, https:\/\/www.alpsresearch.eu\/wp-content\/uploads\/2015\/12\/Zugspitze_Eschenlohe-150x100.jpg 150w\" sizes=\"auto, (max-width: 1280px) 100vw, 1280px\" \/><\/p>\n<p>&nbsp;<\/p>\n","protected":false},"excerpt":{"rendered":"<p>&nbsp; Den Menschen in den Alpen verpflichtet Seit \u00fcber 20 Jahren arbeiten wir erfolgreich f\u00fcr eine nachhaltige Entwicklung alpiner Regionen. Die Menschen standen dabei f\u00fcr uns stets im Mittelpunkt. Unser Institut liegt im Zentrum der bayerischen Alpen, jeder im AFI-\u200bTeam hat tagt\u00e4glich am alpinen Leben teil. Auch deshalb verstehen wir die Menschen im Alpenraum, sie&hellip;<\/p>\n","protected":false},"author":2,"featured_media":0,"parent":0,"menu_order":0,"comment_status":"closed","ping_status":"closed","template":"","meta":{"footnotes":""},"class_list":["post-21","page","type-page","status-publish","hentry"],"_links":{"self":[{"href":"https:\/\/www.alpsresearch.eu\/index.php?rest_route=\/wp\/v2\/pages\/21","targetHints":{"allow":["GET"]}}],"collection":[{"href":"https:\/\/www.alpsresearch.eu\/index.php?rest_route=\/wp\/v2\/pages"}],"about":[{"href":"https:\/\/www.alpsresearch.eu\/index.php?rest_route=\/wp\/v2\/types\/page"}],"author":[{"embeddable":true,"href":"https:\/\/www.alpsresearch.eu\/index.php?rest_route=\/wp\/v2\/users\/2"}],"replies":[{"embeddable":true,"href":"https:\/\/www.alpsresearch.eu\/index.php?rest_route=%2Fwp%2Fv2%2Fcomments&post=21"}],"version-history":[{"count":1,"href":"https:\/\/www.alpsresearch.eu\/index.php?rest_route=\/wp\/v2\/pages\/21\/revisions"}],"predecessor-version":[{"id":372,"href":"https:\/\/www.alpsresearch.eu\/index.php?rest_route=\/wp\/v2\/pages\/21\/revisions\/372"}],"wp:attachment":[{"href":"https:\/\/www.alpsresearch.eu\/index.php?rest_route=%2Fwp%2Fv2%2Fmedia&parent=21"}],"curies":[{"name":"wp","href":"https:\/\/api.w.org\/{rel}","templated":true}]}}