{"id":41,"date":"2015-12-31T15:05:50","date_gmt":"2015-12-31T15:05:50","guid":{"rendered":"https:\/\/www.alpsresearch.eu\/wordpress\/?page_id=41"},"modified":"2022-04-01T00:46:32","modified_gmt":"2022-04-01T00:46:32","slug":"impressum","status":"publish","type":"page","link":"https:\/\/www.alpsresearch.eu\/?page_id=41","title":{"rendered":"Impressum"},"content":{"rendered":"<h3>Alpenforschungsinstitut GmbH<\/h3>\n<p>Baumschulenstra\u00dfe 19a<br \/>\nD-82402 Seeshaupt<\/p>\n<p>Telefon: +49 (0) 88 01 \/ 9 13 79 14<\/p>\n<p>E-Mail:\u00a0<a class=\"link\" href=\"https:\/\/www.alpsresearch.eu\/kontakt.php\">info@alpenforschung.de<\/a><br \/>\nInternet:\u00a0<a class=\"link\" href=\"https:\/\/www.alpsresearch.eu\/\" target=\"_blank\" rel=\"noopener\">www.alpenforschung.de<\/a><\/p>\n<p>Vertretungsberechtigter Gesch\u00e4ftsf\u00fchrer: Felix Bausch<\/p>\n<p>Handelsregisteramt M\u00fcnchen<br \/>\nHandelsregisternummer 104 801<\/p>\n<p>Umsatzsteuer-Identifikationsnummer gem\u00e4\u00df \u00a7 27 a Umsatzsteuergesetz:<br \/>\nDE 161849564<\/p>\n<h3>Haftungshinweis<\/h3>\n<p>Trotz sorgf\u00e4ltiger inhaltlicher Kontrolle \u00fcbernehmen wir keine Haftung f\u00fcr die Inhalte externer Links. F\u00fcr den Inhalt der verlinkten Seiten sind ausschlie\u00dflich deren Betreiber verantwortlich.<\/p>\n<h3>Datenschutzerkl\u00e4rung<\/h3>\n<p>Wir nehmen den Schutz Ihrer privaten Daten ernst und m\u00f6chten, dass Sie sich beim Besuch unserer Internet-Seiten wohl f\u00fchlen. Der Schutz Ihrer Privatsph\u00e4re bei der Verarbeitung pers\u00f6nlicher Daten ist f\u00fcr uns ein wichtiges Anliegen, das wir bei unseren Gesch\u00e4ftsprozessen ber\u00fccksichtigen. Wir verarbeiten pers\u00f6nliche Daten, die beim Besuch unserer Webseiten erhoben werden, gem\u00e4\u00df den deutschen gesetzlichen Bestimmungen. Unsere Webseiten k\u00f6nnen Links zu Webseiten anderer Anbieter enthalten, auf die sich diese Datenschutzerkl\u00e4rung nicht erstreckt. Wir respektieren Ihre Privat- und Pers\u00f6nlichkeitssph\u00e4re. Hierzu z\u00e4hlen insbesondere die folgenden Punkte:<\/p>\n<ul>\n<li><em>Wenn Sie uns eine E-Mail senden, so wird Ihre E-Mail-Adresse nur f\u00fcr die Korrespondenz mit Ihnen verwendet. Nach Abschluss der Korrespondenz wird Ihre E-Mail-Adresse gel\u00f6scht. Eine anderweitige Nutzung oder Weitergabe an Dritte erfolgt nicht. <\/em><\/li>\n<li><em>Wir speichern auf Ihrer Festplatte so genannte Session-Cookies, die nur f\u00fcr die Dauer Ihres Besuches auf unserer Web-Site G\u00fcltigkeit besitzen. Diese werden ben\u00f6tigt, um Sie nach erfolgreicher Anmeldung im gesch\u00fctzten Bereich f\u00fcr die gesamte Dauer Ihres Besuches zu identifizieren und autorisieren. Nach Ende Ihres Besuches werden diese Cookies automatisch von Ihrer Festplatte wieder gel\u00f6scht. <\/em><\/li>\n<li><em>Wir sammeln keinerlei personenbezogene Daten \u00fcber die Besucher unserer Web-Site. Unser Service-Provider speichert von Ihrem Besuch je nach verwendetem Zugriffsprotokoll Datum und Uhrzeit der Anforderung, vom anfordernden Rechner gew\u00fcnschte Zugriffsmethode\/Funktion, vom anfordernden Rechner \u00fcbermittelte Eingabewerte (Dateiname, &#8230;), Zugriffsstatus des Web-Servers (Datei \u00fcbertragen, Datei nicht gefunden, Kommando nicht ausgef\u00fchrt, etc.) sowie Name der angeforderten Datei. Nicht gespeichert wird die IP-Adresse des Rechners, von dem die Anfrage abgeschickt wurde. Der Service-Provider \u00fcbergibt uns lediglich aggregierte Information \u00fcber die Anzahl der Besucher bezogen auf den Dom\u00e4nen-Namen. <\/em><\/li>\n<li><em>Sie k\u00f6nnen Beitr\u00e4ge in unserem Forum unter einem selbstgew\u00e4hlten Pseudonym verfassen. Dazu ist jedoch zun\u00e4chst erforderlich, dass Sie sich unter Angabe Ihres Namens und Ihrer E-Mail-Adresse im Forum\/G\u00e4stebuch registrieren. Die weiteren Angaben sind optional. Die Angabe von Name und E-Mail-Adresse ist erforderlich, um im Falle von strafrechtlich relevanten Beitr\u00e4gen eine Identifikation zu erm\u00f6glichen. Das Pseudonym und die zugeh\u00f6rigen identifizierenden Angaben sind nur dem Administrator bekannt und werden nur f\u00fcr den o.g. Zweck zusammengef\u00fchrt und gemeinsam verwendet. Im Forum selbst wird nur Ihr Pseudonym angezeigt. <\/em><\/li>\n<li><em>Sollten Sie noch Fragen zum Datenschutz haben, so wenden Sie sich bitte an:<br \/>\nName: Prof. Dr. Thomas Bausch.<br \/>\nE-Mail-Adresse: bausch@alpenforschung.de<br \/>\nTelefon: 0049 8801 9137914<br \/>\n<\/em><\/li>\n<\/ul>\n<h3>Erhebung und Verarbeitung pers\u00f6nlicher Daten<\/h3>\n<p>Wenn Sie unsere Webseiten besuchen, speichern unsere Webserver standardm\u00e4\u00dfig die IP-Adresse Ihres Internet Service Providers, die Webseite, von der aus Sie uns besuchen, die Webseiten, die Sie bei uns besuchen sowie das Datum und die Dauer des Besuches. Zu diesen Zwecken setzen wir auch Cookies auf unserer Website ein. Dar\u00fcber hinaus werden pers\u00f6nliche Daten nur dann gespeichert, wenn Sie uns diese von sich aus, z.B. im Rahmen einer Registrierung, einer Umfrage, eines Preisausschreibens oder zur Durchf\u00fchrung eines Vertrages angeben. Die uns zur Verf\u00fcgung gestellten Daten werden im Rahmen der Zweckbestimmung des Vertrages EDV m\u00e4\u00dfig verarbeitet, gespeichert und weitergegeben, au\u00dferdem nutzen wir die Adressdaten teilweise, um Sie regelm\u00e4\u00dfig \u00fcber Neuigkeiten auf unserer Website zu unterrichten. Selbstverst\u00e4ndlich k\u00f6nnen Sie der Nutzung der Daten f\u00fcr diese Werbezwecke jederzeit widersprechen, indem Sie den von uns auf der Werbemail bereitgestellten Abmeldelink besuchen.<\/p>\n<h3>Weitergabe pers\u00f6nlicher Daten<\/h3>\n<p>Wir leiten Ihre personenbezogenen Daten au\u00dfer zum Zweck der Vertragserf\u00fcllung und niemals ohne Ihre Zustimmung an Dritte weiter. Erhebungen von bzw. \u00dcbermittlungen pers\u00f6nlicher Daten an staatliche Einrichtungen und Beh\u00f6rden erfolgen nur im Rahmen g\u00fcltiger Rechtsvorschriften. Unsere Mitarbeiter und Lieferanten\/Partner sind von uns zur Verschwiegenheit und zur Einhaltung unserer Arbeitsrichtlinie zum Datenschutz verpflichtet.<\/p>\n<h3>Analysetools<\/h3>\n<p>Diese Website benutzt Google Analytics, einen Webanalysedienst der Google Inc. Google Analytics verwendet sog. \u201cCookies\u201d, Textdateien, die auf Ihrem Computer gespeichert werden und die eine Analyse der Benutzung der Website durch Sie erm\u00f6glicht. Die durch den Cookie erzeugten Informationen \u00fcber Ihre Benutzung diese Website (einschliesslich Ihrer IP-Adresse) wird an einen Server von Google in den USA \u00fcbertragen und dort gespeichert. Google wird diese Informationen benutzen, um Ihre Nutzung der Website auszuwerten, um Reports \u00fcber die Websiteaktivit\u00e4ten f\u00fcr die Websitebetreiber zusammenzustellen und um weitere mit der Websitenutzung und der Internetnutzung verbundene Dienstleistungen zu erbringen. Auch wird Google diese Informationen gegebenenfalls an Dritte \u00fcbertragen, sofern dies gesetzlich vorgeschrieben oder soweit Dritte diese Daten im Auftrag von Google verarbeiten. Google wird in keinem Fall Ihre IP-Adresse mit anderen Daten der Google in Verbindung bringen. Sie k\u00f6nnen die Installation der Cookies durch eine entsprechende Einstellung Ihrer Browser Software verhindern; wir weisen Sie jedoch darauf hin, dass Sie in diesem Fall gegebenenfalls nicht s\u00e4mtliche Funktionen dieser Website voll umf\u00e4nglich nutzen k\u00f6nnen. Durch die Nutzung dieser Website erkl\u00e4ren Sie sich mit der Bearbeitung der \u00fcber Sie erhobenen Daten durch Google in der zuvor beschriebenen Art und Weise und zu dem zuvor benannten Zweck einverstanden.<\/p>\n","protected":false},"excerpt":{"rendered":"<p>Alpenforschungsinstitut GmbH Baumschulenstra\u00dfe 19a D-82402 Seeshaupt Telefon: +49 (0) 88 01 \/ 9 13 79 14 E-Mail:\u00a0info@alpenforschung.de Internet:\u00a0www.alpenforschung.de Vertretungsberechtigter Gesch\u00e4ftsf\u00fchrer: Felix Bausch Handelsregisteramt M\u00fcnchen Handelsregisternummer 104 801 Umsatzsteuer-Identifikationsnummer gem\u00e4\u00df \u00a7 27 a Umsatzsteuergesetz: DE 161849564 Haftungshinweis Trotz sorgf\u00e4ltiger inhaltlicher Kontrolle \u00fcbernehmen wir keine Haftung f\u00fcr die Inhalte externer Links. F\u00fcr den Inhalt der verlinkten Seiten&hellip;<\/p>\n","protected":false},"author":2,"featured_media":0,"parent":0,"menu_order":3,"comment_status":"closed","ping_status":"closed","template":"","meta":{"footnotes":""},"class_list":["post-41","page","type-page","status-publish","hentry"],"_links":{"self":[{"href":"https:\/\/www.alpsresearch.eu\/index.php?rest_route=\/wp\/v2\/pages\/41","targetHints":{"allow":["GET"]}}],"collection":[{"href":"https:\/\/www.alpsresearch.eu\/index.php?rest_route=\/wp\/v2\/pages"}],"about":[{"href":"https:\/\/www.alpsresearch.eu\/index.php?rest_route=\/wp\/v2\/types\/page"}],"author":[{"embeddable":true,"href":"https:\/\/www.alpsresearch.eu\/index.php?rest_route=\/wp\/v2\/users\/2"}],"replies":[{"embeddable":true,"href":"https:\/\/www.alpsresearch.eu\/index.php?rest_route=%2Fwp%2Fv2%2Fcomments&post=41"}],"version-history":[{"count":5,"href":"https:\/\/www.alpsresearch.eu\/index.php?rest_route=\/wp\/v2\/pages\/41\/revisions"}],"predecessor-version":[{"id":498,"href":"https:\/\/www.alpsresearch.eu\/index.php?rest_route=\/wp\/v2\/pages\/41\/revisions\/498"}],"wp:attachment":[{"href":"https:\/\/www.alpsresearch.eu\/index.php?rest_route=%2Fwp%2Fv2%2Fmedia&parent=41"}],"curies":[{"name":"wp","href":"https:\/\/api.w.org\/{rel}","templated":true}]}}