{"id":571,"date":"2026-01-02T17:02:50","date_gmt":"2026-01-02T17:02:50","guid":{"rendered":"https:\/\/www.alpsresearch.eu\/?page_id=571"},"modified":"2026-01-02T17:02:54","modified_gmt":"2026-01-02T17:02:54","slug":"entwicklung-und-management-von-destinationen","status":"publish","type":"page","link":"https:\/\/www.alpsresearch.eu\/?page_id=571","title":{"rendered":"Entwicklung und Management von Destinationen"},"content":{"rendered":"\n<p>Tourismusanbieter im Alpenraum \u00fcben st\u00e4ndig den Spagat: Urlauber sehnen sich nach Entspannung und Ruhe, aber auch nach Erlebnis \u2013 individuell dosiert und m\u00f6glichst authentisch. Die G\u00e4ste hungern nach W\u00e4rme und Geborgenheit, nach Lebensgenuss und pers\u00f6nlichem Service, sind gleichzeitig aber auch Technik-\u200b\u200bFans und Schn\u00e4ppchenj\u00e4ger. Der Alpenurlaub konkurriert mittlerweile mit der Karibik-\u200b\u200bKreuzfahrt oder dem Shopping-\u200b\u200bTrip nach Dubai. Oft als Wirtschafts-\u200b\u200bStandbein Nummer 1 gesehen, turnt der Tourismus im Alpenraum zwischen schmalen Budgets und Innovationsdruck. Unsere Antwort lautet: Mut, Konsequenz, neue Ideen und deren erfolgreiche Vermarktung. Dazu bilden wir nachhaltige Seilschaften aus Orten und Regionen; \u201eWir-\u200bGef\u00fchl\u201c statt Kirchturmdenken.<\/p>\n\n\n\n<p>Wir durchleuchten St\u00e4rken und Schw\u00e4chen im Angebot der Destinationen, unsere Bewertungen sind gesichert durch begleitende Marktforschung. Gemeinsam mit Gemeinden, Bergbahnen und Hotels packen wir den Rucksack aus neuen, naturvertr\u00e4glichen Produktlinien und Markenkonzepten, die moderne Lebensstile aufgreifen. So b\u00fcndeln wir regionale Vielfalt zu alpinem Reisegenuss, der Kunden begeistert und bindet. Bergerfahren analysieren wir f\u00fcr Unternehmen und Gemeinden Standorte, wenn es um die Ansiedelung oder Erweiterung touristischer Infrastruktur geht. Mit Mystery Checks f\u00fchlen wir Tourismus-\u200b\u200bQualit\u00e4t und Service auf den Zahn. Sind Positionierung und Produkt stimmig? Wie rasch reagiert ein Betrieb auf Kundenanfragen? Wie l\u00e4sst sich das Angebot weiterentwickeln?<\/p>\n\n\n\n<p>Trittsicher begleiten wir Destinationen auch dabei, neue leistungsf\u00e4hige Organisationsstrukturen aufzubauen oder Buchungs-\u200b\u200b und Reservierungs-\u200b\u200bSysteme einzuf\u00fchren. Ebenso k\u00fcmmern wir uns um Ausschreibungen f\u00fcr Kataloge und Internetauftritte oder helfen beim Aufbau einer professionellen \u00d6ffentlichkeitsarbeit. Kurz, wir verkn\u00fcpfen modernes Tourismus-\u200b\u200bMarketing mit regionalem Herzblut, bis zum Gipfel.<\/p>\n","protected":false},"excerpt":{"rendered":"<p>Tourismusanbieter im Alpenraum \u00fcben st\u00e4ndig den Spagat: Urlauber sehnen sich nach Entspannung und Ruhe, aber auch nach Erlebnis \u2013 individuell dosiert und m\u00f6glichst authentisch. Die G\u00e4ste hungern nach W\u00e4rme und Geborgenheit, nach Lebensgenuss und pers\u00f6nlichem Service, sind gleichzeitig aber auch Technik-\u200b\u200bFans und Schn\u00e4ppchenj\u00e4ger. Der Alpenurlaub konkurriert mittlerweile mit der Karibik-\u200b\u200bKreuzfahrt oder dem Shopping-\u200b\u200bTrip nach Dubai.&hellip;<\/p>\n","protected":false},"author":1,"featured_media":311,"parent":0,"menu_order":0,"comment_status":"closed","ping_status":"closed","template":"","meta":{"footnotes":""},"class_list":["post-571","page","type-page","status-publish","has-post-thumbnail","hentry"],"_links":{"self":[{"href":"https:\/\/www.alpsresearch.eu\/index.php?rest_route=\/wp\/v2\/pages\/571","targetHints":{"allow":["GET"]}}],"collection":[{"href":"https:\/\/www.alpsresearch.eu\/index.php?rest_route=\/wp\/v2\/pages"}],"about":[{"href":"https:\/\/www.alpsresearch.eu\/index.php?rest_route=\/wp\/v2\/types\/page"}],"author":[{"embeddable":true,"href":"https:\/\/www.alpsresearch.eu\/index.php?rest_route=\/wp\/v2\/users\/1"}],"replies":[{"embeddable":true,"href":"https:\/\/www.alpsresearch.eu\/index.php?rest_route=%2Fwp%2Fv2%2Fcomments&post=571"}],"version-history":[{"count":1,"href":"https:\/\/www.alpsresearch.eu\/index.php?rest_route=\/wp\/v2\/pages\/571\/revisions"}],"predecessor-version":[{"id":572,"href":"https:\/\/www.alpsresearch.eu\/index.php?rest_route=\/wp\/v2\/pages\/571\/revisions\/572"}],"wp:featuredmedia":[{"embeddable":true,"href":"https:\/\/www.alpsresearch.eu\/index.php?rest_route=\/wp\/v2\/media\/311"}],"wp:attachment":[{"href":"https:\/\/www.alpsresearch.eu\/index.php?rest_route=%2Fwp%2Fv2%2Fmedia&parent=571"}],"curies":[{"name":"wp","href":"https:\/\/api.w.org\/{rel}","templated":true}]}}