{"id":574,"date":"2026-01-02T17:07:20","date_gmt":"2026-01-02T17:07:20","guid":{"rendered":"https:\/\/www.alpsresearch.eu\/?page_id=574"},"modified":"2026-01-02T17:07:23","modified_gmt":"2026-01-02T17:07:23","slug":"nachhaltige-regionalentwicklung","status":"publish","type":"page","link":"https:\/\/www.alpsresearch.eu\/?page_id=574","title":{"rendered":"Nachhaltige Regionalentwicklung"},"content":{"rendered":"\n<p>Woraus besteht der Mix, der j\u00e4hrlich \u00fcber 120 Millionen Besucher in die Alpen zieht? Aus grandiosen Panoramen, Kulturlandschaften, die der Mensch \u00fcber Jahrhunderte geschaffen hat, kristallklarem Wasser, lebendigem Brauchtum, frischer Bergluft, dem Gef\u00fchl von Freiheit und Erhabenheit? Die Idylle ist nur eine Seite der Medaille: Damit Infrastruktur, Dienstleistungen und Landschaftspflege f\u00fcr alle auf solidem Grund stehen, braucht die Bev\u00f6lkerung der Berggebiete ein wirtschaftliches Auskommen.<\/p>\n\n\n\n<p>Hier setzen wir an: Nachhaltige Regionalentwicklung klingt trocken, entpuppt sich aber meist als \u201eTurbo\u201c f\u00fcr das Potenzial alpiner Regionen: Wir verkn\u00fcpfen \u00d6kologie und \u00d6konomie mit den Bed\u00fcrfnissen und St\u00e4rken ihrer Bewohner. Mit ihnen gemeinsam verleihen wir regionalen Wirtschaftskreisl\u00e4ufen neue Kraft; Schl\u00fcsselbereiche \u2013 wie etwa Energiewirtschaft oder Tourismus \u2013 bef\u00f6rdern wir zum Partner von Natur und Umwelt. So entstehen neue Perspektiven, Unternehmergeist und Mut machen sich breit, Kultur und Brauchtum erhalten neue Impulse. Vorausgesetzt, m\u00f6glichst viele ziehen mit. Aber auch daf\u00fcr sorgen wir.<\/p>\n\n\n\n<p>Den Regionen kommt unsere langj\u00e4hrige Erfahrung in allen Teilen des Alpenraums zugute. Rasch k\u00f6nnen wir beurteilen, wie gut sich Ideen umsetzen lassen \u2013 meist kennen wir passende Vorbilder. Ein konstruktives Miteinander von Wirtschaft, Umwelt und Sozialem schaffen wir durch gezielten Dialog. So arbeiten diese Bereiche gemeinsam an L\u00f6sungen und jeder \u201egewinnt\u201c, vor allem die Region. Fachbegriffe der Beh\u00f6rden und Experten werden durch unsere Praxiserfahrung transparent und einfach verst\u00e4ndlich. Die Entscheidungstr\u00e4ger beraten wir, wo F\u00f6rdergelder schlummern.<\/p>\n","protected":false},"excerpt":{"rendered":"<p>Woraus besteht der Mix, der j\u00e4hrlich \u00fcber 120 Millionen Besucher in die Alpen zieht? Aus grandiosen Panoramen, Kulturlandschaften, die der Mensch \u00fcber Jahrhunderte geschaffen hat, kristallklarem Wasser, lebendigem Brauchtum, frischer Bergluft, dem Gef\u00fchl von Freiheit und Erhabenheit? Die Idylle ist nur eine Seite der Medaille: Damit Infrastruktur, Dienstleistungen und Landschaftspflege f\u00fcr alle auf solidem Grund&hellip;<\/p>\n","protected":false},"author":1,"featured_media":375,"parent":0,"menu_order":0,"comment_status":"closed","ping_status":"closed","template":"","meta":{"footnotes":""},"class_list":["post-574","page","type-page","status-publish","has-post-thumbnail","hentry"],"_links":{"self":[{"href":"https:\/\/www.alpsresearch.eu\/index.php?rest_route=\/wp\/v2\/pages\/574","targetHints":{"allow":["GET"]}}],"collection":[{"href":"https:\/\/www.alpsresearch.eu\/index.php?rest_route=\/wp\/v2\/pages"}],"about":[{"href":"https:\/\/www.alpsresearch.eu\/index.php?rest_route=\/wp\/v2\/types\/page"}],"author":[{"embeddable":true,"href":"https:\/\/www.alpsresearch.eu\/index.php?rest_route=\/wp\/v2\/users\/1"}],"replies":[{"embeddable":true,"href":"https:\/\/www.alpsresearch.eu\/index.php?rest_route=%2Fwp%2Fv2%2Fcomments&post=574"}],"version-history":[{"count":1,"href":"https:\/\/www.alpsresearch.eu\/index.php?rest_route=\/wp\/v2\/pages\/574\/revisions"}],"predecessor-version":[{"id":576,"href":"https:\/\/www.alpsresearch.eu\/index.php?rest_route=\/wp\/v2\/pages\/574\/revisions\/576"}],"wp:featuredmedia":[{"embeddable":true,"href":"https:\/\/www.alpsresearch.eu\/index.php?rest_route=\/wp\/v2\/media\/375"}],"wp:attachment":[{"href":"https:\/\/www.alpsresearch.eu\/index.php?rest_route=%2Fwp%2Fv2%2Fmedia&parent=574"}],"curies":[{"name":"wp","href":"https:\/\/api.w.org\/{rel}","templated":true}]}}