{"id":577,"date":"2026-01-02T17:53:13","date_gmt":"2026-01-02T17:53:13","guid":{"rendered":"https:\/\/www.alpsresearch.eu\/?page_id=577"},"modified":"2026-01-02T17:53:15","modified_gmt":"2026-01-02T17:53:15","slug":"raumplanung-und-verkehr","status":"publish","type":"page","link":"https:\/\/www.alpsresearch.eu\/?page_id=577","title":{"rendered":"Raumplanung und Verkehr"},"content":{"rendered":"\n<p>Raumplaner kennen die unterschiedlichen Denkweisen: \u00d6rtliche Planungen orientieren sich an den Bed\u00fcrfnissen der Einheimischen, an ihren Entwicklungsw\u00fcnschen. Zugleich muss die r\u00e4umliche Planung \u00fcber\u00f6rtliche Belange ins Kalk\u00fcl ziehen, wie den Schutz vor Hochwasser oder die fl\u00e4chensparende Siedlungsentwicklung. Insgesamt gilt es, die verschiedenen Anspr\u00fcche an den Raum zu koordinieren. Besonders viel planerischen Weitblick erfordern der Klimawandel oder die sich \u00e4ndernde Demographie. Meist vergehen zwischen Planung und Umsetzung oft Jahre. Wir stellen unbequeme Fragen: \u201eLassen sich Erschlie\u00dfungs- und Schutzinteressen bei begrenztem Raumangebot nachhaltig miteinander verbinden? Was m\u00fcssen moderne \u00f6ffentliche Verkehrs-Systeme im Alpenraum leisten? Was bedeutet der demographische Wandel f\u00fcr die Versorgung mit Kinderg\u00e4rten, Schulen, Altenpflege und Medizin?\u201c \u2013 Und wir beantworten sie! Seit 20 Jahren beraten wir Regionen und Beh\u00f6rden aller Ebenen bei der Durchf\u00fchrung von Modellvorhaben der Raumplanung. Anschaulich erstellen wir Ver\u00e4nderungs-Szenarien, vertiefen Studien in Modellregionen. Die Ergebnisse bereiten wir in GIS-basierten Pl\u00e4nen auf. Hierbei verkn\u00fcpfen wir r\u00e4umliche und inhaltliche Aspekte wie etwa die Auswirkung&nbsp;<\/p>\n\n\n\n<p>Im Verkehrsbereich erstellen wir Nahverkehrspl\u00e4ne und bereiten der Umsetzung den Boden. So helfen wir Regionen und Gemeinden, die Mobilit\u00e4t von G\u00e4sten und Einheimischen umweltgerecht zu sichern. Auch auf kommunale Verkehrskonzepte, wie Parkraumbewirtschaftung, Parkzonen oder tempor\u00e4re Konzepte f\u00fcr Gro\u00dfveranstaltungen heften wir unseren Expertenblick. Ver\u00e4nderte Energiekosten und die Erfordernisse des Klimaschutzes behalten wir dabei stets im Auge.<\/p>\n\n\n\n<p>Gemeinsam mit unseren Partnern im Tourismus planen wir Fahrrad-Wegenetze oder Wanderrouten und integrieren \u00d6PNV-Leistungen in moderne G\u00e4stekarten. F\u00fcr alle Bereiche gilt: Planen hei\u00dft f\u00fcr uns nicht nur voraus denken, sondern auch die richtige Spur f\u00fcr die Umsetzung zu finden.<\/p>\n","protected":false},"excerpt":{"rendered":"<p>Raumplaner kennen die unterschiedlichen Denkweisen: \u00d6rtliche Planungen orientieren sich an den Bed\u00fcrfnissen der Einheimischen, an ihren Entwicklungsw\u00fcnschen. Zugleich muss die r\u00e4umliche Planung \u00fcber\u00f6rtliche Belange ins Kalk\u00fcl ziehen, wie den Schutz vor Hochwasser oder die fl\u00e4chensparende Siedlungsentwicklung. Insgesamt gilt es, die verschiedenen Anspr\u00fcche an den Raum zu koordinieren. Besonders viel planerischen Weitblick erfordern der Klimawandel oder&hellip;<\/p>\n","protected":false},"author":1,"featured_media":316,"parent":0,"menu_order":0,"comment_status":"closed","ping_status":"closed","template":"","meta":{"footnotes":""},"class_list":["post-577","page","type-page","status-publish","has-post-thumbnail","hentry"],"_links":{"self":[{"href":"https:\/\/www.alpsresearch.eu\/index.php?rest_route=\/wp\/v2\/pages\/577","targetHints":{"allow":["GET"]}}],"collection":[{"href":"https:\/\/www.alpsresearch.eu\/index.php?rest_route=\/wp\/v2\/pages"}],"about":[{"href":"https:\/\/www.alpsresearch.eu\/index.php?rest_route=\/wp\/v2\/types\/page"}],"author":[{"embeddable":true,"href":"https:\/\/www.alpsresearch.eu\/index.php?rest_route=\/wp\/v2\/users\/1"}],"replies":[{"embeddable":true,"href":"https:\/\/www.alpsresearch.eu\/index.php?rest_route=%2Fwp%2Fv2%2Fcomments&post=577"}],"version-history":[{"count":1,"href":"https:\/\/www.alpsresearch.eu\/index.php?rest_route=\/wp\/v2\/pages\/577\/revisions"}],"predecessor-version":[{"id":579,"href":"https:\/\/www.alpsresearch.eu\/index.php?rest_route=\/wp\/v2\/pages\/577\/revisions\/579"}],"wp:featuredmedia":[{"embeddable":true,"href":"https:\/\/www.alpsresearch.eu\/index.php?rest_route=\/wp\/v2\/media\/316"}],"wp:attachment":[{"href":"https:\/\/www.alpsresearch.eu\/index.php?rest_route=%2Fwp%2Fv2%2Fmedia&parent=577"}],"curies":[{"name":"wp","href":"https:\/\/api.w.org\/{rel}","templated":true}]}}