{"id":580,"date":"2026-01-02T17:57:36","date_gmt":"2026-01-02T17:57:36","guid":{"rendered":"https:\/\/www.alpsresearch.eu\/?page_id=580"},"modified":"2026-01-02T17:57:38","modified_gmt":"2026-01-02T17:57:38","slug":"europa-und-internationales","status":"publish","type":"page","link":"https:\/\/www.alpsresearch.eu\/?page_id=580","title":{"rendered":"Europa und Internationales"},"content":{"rendered":"\n<p>Mit der Alpenkonvention wurde 1992 ein internationaler Rechtsrahmen zum Schutz der Alpen als Natur-, Lebens- und Wirtschaftsraum geschaffen. Gemeinsam mit der EU haben sich die acht Alpenstaaten verpflichtet, dieses Vertragswerk umzusetzen. Im Zuge der Initiative INTERREG legte die EU ein \u201eAlpenraumprogramm\u201c auf, ein F\u00f6rderinstrument f\u00fcr grenz- und l\u00e4nder\u00fcbergreifende Zusammenarbeit. Seit dem Jahr 2002 laufen daf\u00fcr innovative Projekte in den Bereichen Wettbewerbsf\u00e4higkeit, Verkehr wie auch Umwelt, die Regionen im Alpenraum miteinander vernetzen. Erfahrungsaustausch und Wissenstransfer sollen gemeinsame L\u00f6sungen erleichtern und beschleunigen. Auch andere grenz\u00fcbergreifende Programme k\u00f6nnen helfen, Barrieren zwischen den Alpenstaaten abzubauen. Die Entwicklung und das Management internationaler und grenz\u00fcbergreifender Projekte nehmen wir erfolgreich in die Hand. Gemeinschafts-Projekte sind komplex, der Verwaltungs- und Organisationsaufwand \u2013 meist in englischer Sprache \u2013 ist betr\u00e4chtlich. Dank langj\u00e4hriger Erfahrung k\u00f6nnen wir Projektnehmer entlasten und ihnen Zeit f\u00fcr die eigentliche Projektentwicklung schaffen.<\/p>\n\n\n\n<p>Wir erarbeiten Projektvorschl\u00e4ge, \u00fcberf\u00fchren diese in die Antragsformulare und erstellen Arbeits- und Finanzpl\u00e4ne. Ist ein Projekt genehmigt, bringen wir unsere Erfahrung im Projektmanagement ins Spiel. Wir kennen die Berichts- und Abrechnungsverfahren und sind mit den Details zu EU-F\u00f6rderungen bestens vertraut.<\/p>\n\n\n\n<p>Auch die fachliche Begleitung nehmen wir Projektpartnern gerne ab, organisieren f\u00fcr sie die inhaltliche Koordinierung. Wir kennen die regionalen Befindlichkeiten und f\u00fchren die mehrsprachige Kommunikation zwischen den vielf\u00e4ltigen alpinen Kulturen. Zudem begleiten wir die Projekte mit professioneller Presse- und \u00d6ffentlichkeitsarbeit.<\/p>\n","protected":false},"excerpt":{"rendered":"<p>Mit der Alpenkonvention wurde 1992 ein internationaler Rechtsrahmen zum Schutz der Alpen als Natur-, Lebens- und Wirtschaftsraum geschaffen. Gemeinsam mit der EU haben sich die acht Alpenstaaten verpflichtet, dieses Vertragswerk umzusetzen. Im Zuge der Initiative INTERREG legte die EU ein \u201eAlpenraumprogramm\u201c auf, ein F\u00f6rderinstrument f\u00fcr grenz- und l\u00e4nder\u00fcbergreifende Zusammenarbeit. Seit dem Jahr 2002 laufen daf\u00fcr&hellip;<\/p>\n","protected":false},"author":1,"featured_media":381,"parent":0,"menu_order":0,"comment_status":"closed","ping_status":"closed","template":"","meta":{"footnotes":""},"class_list":["post-580","page","type-page","status-publish","has-post-thumbnail","hentry"],"_links":{"self":[{"href":"https:\/\/www.alpsresearch.eu\/index.php?rest_route=\/wp\/v2\/pages\/580","targetHints":{"allow":["GET"]}}],"collection":[{"href":"https:\/\/www.alpsresearch.eu\/index.php?rest_route=\/wp\/v2\/pages"}],"about":[{"href":"https:\/\/www.alpsresearch.eu\/index.php?rest_route=\/wp\/v2\/types\/page"}],"author":[{"embeddable":true,"href":"https:\/\/www.alpsresearch.eu\/index.php?rest_route=\/wp\/v2\/users\/1"}],"replies":[{"embeddable":true,"href":"https:\/\/www.alpsresearch.eu\/index.php?rest_route=%2Fwp%2Fv2%2Fcomments&post=580"}],"version-history":[{"count":1,"href":"https:\/\/www.alpsresearch.eu\/index.php?rest_route=\/wp\/v2\/pages\/580\/revisions"}],"predecessor-version":[{"id":582,"href":"https:\/\/www.alpsresearch.eu\/index.php?rest_route=\/wp\/v2\/pages\/580\/revisions\/582"}],"wp:featuredmedia":[{"embeddable":true,"href":"https:\/\/www.alpsresearch.eu\/index.php?rest_route=\/wp\/v2\/media\/381"}],"wp:attachment":[{"href":"https:\/\/www.alpsresearch.eu\/index.php?rest_route=%2Fwp%2Fv2%2Fmedia&parent=580"}],"curies":[{"name":"wp","href":"https:\/\/api.w.org\/{rel}","templated":true}]}}