{"id":87,"date":"2016-01-01T08:23:07","date_gmt":"2016-01-01T08:23:07","guid":{"rendered":"https:\/\/www.alpsresearch.eu\/wordpress\/?page_id=87"},"modified":"2026-01-02T18:08:19","modified_gmt":"2026-01-02T18:08:19","slug":"wir-ueber-uns","status":"publish","type":"page","link":"https:\/\/www.alpsresearch.eu\/?page_id=87","title":{"rendered":"Wir \u00fcber uns"},"content":{"rendered":"<h3>30 Jahre angewandte Forschung und Beratung<\/h3>\n<p>Seit 30 Jahren betreibt unser Institut angewandte Forschung und begleitet Kommunen, Regionen, L\u00e4nder- und Bundesministerien bei aktuellen Fragen der nachhaltigen Entwicklung im Alpenraum. Zun\u00e4chst in Garmisch-Partenkirchen angesiedelt uns seit 2011 mit Sitz in Seeshaupt f\u00fchlen wir uns den Menschen wie auch dem Lebensraum Alpen verbunden. Seit 2010 ist das Institut offizieller Kooperationspartner der Hochschule M\u00fcnchen, Fakult\u00e4t f\u00fcr Tourismus.<\/p>\n<h3>Leitung in kompetenter Hand<\/h3>\n<p>Die Leitung des AFI liegt in der Hand vom Felix Bausch. Dieser studierte zun\u00e4chst Politikwissenschaften, Philisophie und \u00d6konomie an der Freien Universit\u00e4t Bozen und schloss anschlie\u00dfend an der LMU M\u00fcnchen mit einem Master in Vorlkswirtschaftslehre ab. Unterst\u00fctzt wird das AFI zudem von einem wissenschaftlichen Beirat, dem Prof. Dr. Thomas Bausch vorsteht. Dieser ist nach 5- j\u00e4hriger T\u00e4tigkeit (03\/2029 &#8211; 02\/2024) als Direktor des Kompetenzzentrums Tourismus und Mobilit\u00e4t an der Freien Universit\u00e4t Bozen nun wieder an der Fakult\u00e4t f\u00fcr Tourismus, der Hochschule f\u00fcr angewandte Wissenschaften M\u00fcnchen t\u00e4tig. Dort forscht und lehr er im Bereich der nachhaltigen Tourismus- und Raumentwicklung sowie Konzepten nachhaltiger Mobilit\u00e4t.<\/p>\n","protected":false},"excerpt":{"rendered":"<p>30 Jahre angewandte Forschung und Beratung Seit 30 Jahren betreibt unser Institut angewandte Forschung und begleitet Kommunen, Regionen, L\u00e4nder- und Bundesministerien bei aktuellen Fragen der nachhaltigen Entwicklung im Alpenraum. Zun\u00e4chst in Garmisch-Partenkirchen angesiedelt uns seit 2011 mit Sitz in Seeshaupt f\u00fchlen wir uns den Menschen wie auch dem Lebensraum Alpen verbunden. Seit 2010 ist das&hellip;<\/p>\n","protected":false},"author":2,"featured_media":583,"parent":0,"menu_order":0,"comment_status":"closed","ping_status":"closed","template":"","meta":{"footnotes":""},"class_list":["post-87","page","type-page","status-publish","has-post-thumbnail","hentry"],"_links":{"self":[{"href":"https:\/\/www.alpsresearch.eu\/index.php?rest_route=\/wp\/v2\/pages\/87","targetHints":{"allow":["GET"]}}],"collection":[{"href":"https:\/\/www.alpsresearch.eu\/index.php?rest_route=\/wp\/v2\/pages"}],"about":[{"href":"https:\/\/www.alpsresearch.eu\/index.php?rest_route=\/wp\/v2\/types\/page"}],"author":[{"embeddable":true,"href":"https:\/\/www.alpsresearch.eu\/index.php?rest_route=\/wp\/v2\/users\/2"}],"replies":[{"embeddable":true,"href":"https:\/\/www.alpsresearch.eu\/index.php?rest_route=%2Fwp%2Fv2%2Fcomments&post=87"}],"version-history":[{"count":5,"href":"https:\/\/www.alpsresearch.eu\/index.php?rest_route=\/wp\/v2\/pages\/87\/revisions"}],"predecessor-version":[{"id":585,"href":"https:\/\/www.alpsresearch.eu\/index.php?rest_route=\/wp\/v2\/pages\/87\/revisions\/585"}],"wp:featuredmedia":[{"embeddable":true,"href":"https:\/\/www.alpsresearch.eu\/index.php?rest_route=\/wp\/v2\/media\/583"}],"wp:attachment":[{"href":"https:\/\/www.alpsresearch.eu\/index.php?rest_route=%2Fwp%2Fv2%2Fmedia&parent=87"}],"curies":[{"name":"wp","href":"https:\/\/api.w.org\/{rel}","templated":true}]}}